{"id":9,"date":"2018-09-19T16:51:31","date_gmt":"2018-09-19T16:51:31","guid":{"rendered":"https:\/\/www.schule-am-lousberg.de\/wordpress_3\/?page_id=9"},"modified":"2025-09-24T19:39:34","modified_gmt":"2025-09-24T17:39:34","slug":"ueber-uns","status":"publish","type":"page","link":"https:\/\/www.schule-am-lousberg.de\/wordpress_3\/ueber-uns\/","title":{"rendered":"\u00dcber uns"},"content":{"rendered":"<p style=\"text-align: justify;\">Wir sind eine 2,5-z\u00fcgige Grundschule im Herzen von Aachen, am Alleenring zu F\u00fc\u00dfen des Lousbergs gelegen.<\/p>\n<p>Zur Zeit besuchen fast 260 Kinder unsere Schule am Lousberg, die von sechzehn Lehrer*innen sowie einer Sonderp\u00e4dagogin unterrichtet werden. Unsere Offene Ganztagsschule bietet mit ihrem Team von zwanzig Mitarbeiter*innen in gro\u00dfz\u00fcgigen R\u00e4umlichkeiten die M\u00f6glichkeit einer Betreuung bis zum Nachmittag. Zus\u00e4tzlich sind unsere Schulsozialarbeiterin und unsere Sozialp\u00e4dagogin in der Schuleingangsphase vertrauensvolle Ansprechpartnerinnen f\u00fcr Kinder, Eltern und Lehrer*innen.<\/p>\n<p>Aufgrund der unterschiedlichen Lebensbedingungen und der Vielfalt der Kulturen ergeben sich zahlreiche M\u00f6glichkeiten, bereichernde Erfahrungen mit anderen Lebenswirklichkeiten zu machen, die uns als Schulgemeinschaft zusammenwachsen lassen.<\/p>\n<p>Alle am Schulleben Beteiligten verstehen sich als ein Team (Lehrk\u00e4fte, OGS-Mitarbeiter, Schulsozialarbeiterin, Sozialp\u00e4dagogin), das die Anforderungen und Herausforderungen des Schulalltages gemeinsam gerne annimmt und engagiert gestaltet. Das Kind mit seinen pers\u00f6nlichen individuellen Bed\u00fcrfnissen steht im Mittelpunkt, dem wir zugewandt und mit Wertsch\u00e4tzung begegnen.<\/p>\n<h3 style=\"text-align: center;\">Das Lehrerkollegium\u00a0 der Schule am Lousberg 2025<\/h3>\n<p><img loading=\"lazy\" decoding=\"async\" class=\"wp-image-7512 size-full aligncenter\" src=\"https:\/\/www.schule-am-lousberg.de\/wordpress_3\/wp-content\/uploads\/2025\/09\/Kollegium-2025-scaled.jpg\" alt=\"\" width=\"2560\" height=\"1522\" srcset=\"https:\/\/www.schule-am-lousberg.de\/wordpress_3\/wp-content\/uploads\/2025\/09\/Kollegium-2025-scaled.jpg 2560w, https:\/\/www.schule-am-lousberg.de\/wordpress_3\/wp-content\/uploads\/2025\/09\/Kollegium-2025-300x178.jpg 300w, https:\/\/www.schule-am-lousberg.de\/wordpress_3\/wp-content\/uploads\/2025\/09\/Kollegium-2025-1024x609.jpg 1024w, https:\/\/www.schule-am-lousberg.de\/wordpress_3\/wp-content\/uploads\/2025\/09\/Kollegium-2025-768x457.jpg 768w, https:\/\/www.schule-am-lousberg.de\/wordpress_3\/wp-content\/uploads\/2025\/09\/Kollegium-2025-1536x913.jpg 1536w, https:\/\/www.schule-am-lousberg.de\/wordpress_3\/wp-content\/uploads\/2025\/09\/Kollegium-2025-2048x1218.jpg 2048w\" sizes=\"auto, (max-width: 2560px) 100vw, 2560px\" \/><\/p>\n<p>&nbsp;<\/p>\n<p>&nbsp;<\/p>\n<p>&nbsp;<\/p>\n<p>&nbsp;<\/p>\n<p>&nbsp;<\/p>\n","protected":false},"excerpt":{"rendered":"<p>Wir sind eine 2,5-z\u00fcgige Grundschule im Herzen von Aachen, am Alleenring zu F\u00fc\u00dfen des Lousbergs gelegen. Zur Zeit besuchen fast 260 Kinder unsere Schule am Lousberg, die von sechzehn Lehrer*innen [&hellip;]<\/p>\n","protected":false},"author":1,"featured_media":2667,"parent":0,"menu_order":0,"comment_status":"closed","ping_status":"closed","template":"","meta":{"footnotes":""},"class_list":["post-9","page","type-page","status-publish","has-post-thumbnail","hentry"],"_links":{"self":[{"href":"https:\/\/www.schule-am-lousberg.de\/wordpress_3\/wp-json\/wp\/v2\/pages\/9","targetHints":{"allow":["GET"]}}],"collection":[{"href":"https:\/\/www.schule-am-lousberg.de\/wordpress_3\/wp-json\/wp\/v2\/pages"}],"about":[{"href":"https:\/\/www.schule-am-lousberg.de\/wordpress_3\/wp-json\/wp\/v2\/types\/page"}],"author":[{"embeddable":true,"href":"https:\/\/www.schule-am-lousberg.de\/wordpress_3\/wp-json\/wp\/v2\/users\/1"}],"replies":[{"embeddable":true,"href":"https:\/\/www.schule-am-lousberg.de\/wordpress_3\/wp-json\/wp\/v2\/comments?post=9"}],"version-history":[{"count":67,"href":"https:\/\/www.schule-am-lousberg.de\/wordpress_3\/wp-json\/wp\/v2\/pages\/9\/revisions"}],"predecessor-version":[{"id":7514,"href":"https:\/\/www.schule-am-lousberg.de\/wordpress_3\/wp-json\/wp\/v2\/pages\/9\/revisions\/7514"}],"wp:featuredmedia":[{"embeddable":true,"href":"https:\/\/www.schule-am-lousberg.de\/wordpress_3\/wp-json\/wp\/v2\/media\/2667"}],"wp:attachment":[{"href":"https:\/\/www.schule-am-lousberg.de\/wordpress_3\/wp-json\/wp\/v2\/media?parent=9"}],"curies":[{"name":"wp","href":"https:\/\/api.w.org\/{rel}","templated":true}]}}