{"id":70,"date":"2018-09-19T17:02:05","date_gmt":"2018-09-19T17:02:05","guid":{"rendered":"https:\/\/www.schule-am-lousberg.de\/wordpress_3\/?page_id=70"},"modified":"2024-10-22T17:31:35","modified_gmt":"2024-10-22T15:31:35","slug":"foerderverein","status":"publish","type":"page","link":"https:\/\/www.schule-am-lousberg.de\/wordpress_3\/schulleben\/foerderverein\/","title":{"rendered":"F\u00f6rderverein"},"content":{"rendered":"<h5><span style=\"color: #000080;\"><strong>Verein der Freunde und F\u00f6rderer der Schule am Lousberg e.V.<\/strong><\/span><\/h5>\n<p><span style=\"font-size: 1rem;\">Der F\u00f6rderverein wurde 1994 gegr\u00fcndet. Die Initiative hierzu entstammte einer sehr engagierten Elternschaft und der Schulleitung.<\/span><\/p>\n<p>Etwa 64 Eltern unterst\u00fctzen den Verein mit ihrem Mitgliedsbeitrag (ab 10 \u20ac\/Jahr) und die Spendenbereitschaft nimmt erfreulicherweise stetig zu.<\/p>\n<h5><span style=\"color: #3366ff;\">Aktuelle Infos<\/span><b class=\"\"><\/b><\/h5>\n<p><img loading=\"lazy\" decoding=\"async\" class=\"wp-image-5329 size-medium alignleft\" src=\"https:\/\/www.schule-am-lousberg.de\/wordpress_3\/wp-content\/uploads\/2022\/12\/IMG_0973-e1670874513950-277x300.jpg\" alt=\"\" width=\"277\" height=\"300\" srcset=\"https:\/\/www.schule-am-lousberg.de\/wordpress_3\/wp-content\/uploads\/2022\/12\/IMG_0973-e1670874513950-277x300.jpg 277w, https:\/\/www.schule-am-lousberg.de\/wordpress_3\/wp-content\/uploads\/2022\/12\/IMG_0973-e1670874513950.jpg 443w\" sizes=\"auto, (max-width: 277px) 100vw, 277px\" \/>Bei unserer diesj\u00e4hrigen Weihnachtsfeier (endlich wieder unter ganz normalen Bedingungen), zeigte sich unser F\u00f6rderverein wieder einmal sehr spendabel. <strong>Jede Klasse bekam eine tolle Spielekiste mit Spielsachen f\u00fcr die Pausen geschenkt.<\/strong><\/p>\n<p>Die Kinder sind begeistert, ebenso wie das ganze Lousberg-Team.<\/p>\n<p>&nbsp;<\/p>\n<p>Und wieder einmal waren Eltern aktiv, um auch den Stand des F\u00f6rdervereins zu betreuen. Unsere zauberhaften Lousberg-Shirts verkauften sich wieder blendend. Danke an alle tatkr\u00e4ftigen Helfer*innen.<\/p>\n<p><img loading=\"lazy\" decoding=\"async\" class=\"alignnone size-full wp-image-5330\" src=\"https:\/\/www.schule-am-lousberg.de\/wordpress_3\/wp-content\/uploads\/2022\/12\/image1.jpeg\" alt=\"\" width=\"640\" height=\"480\" srcset=\"https:\/\/www.schule-am-lousberg.de\/wordpress_3\/wp-content\/uploads\/2022\/12\/image1.jpeg 640w, https:\/\/www.schule-am-lousberg.de\/wordpress_3\/wp-content\/uploads\/2022\/12\/image1-300x225.jpeg 300w\" sizes=\"auto, (max-width: 640px) 100vw, 640px\" \/><\/p>\n<p>Bei dieser Auswahl kann man sich kaum entscheiden.<\/p>\n<p>&nbsp;<\/p>\n<p><a href=\"https:\/\/www.schule-am-lousberg.de\/wordpress_3\/wp-content\/uploads\/2021\/07\/Foerderverein_Brief_Sommerferien_1.pdf\"><span style=\"color: #0000ff;\">F\u00f6rderverein: Brief vor den Sommerferien (Buchgeschenke an alle Kinder der Schule)<\/span><\/a><\/p>\n<p>&nbsp;<\/p>\n<div class=\"\">\n<div>\n<hr \/>\n<\/div>\n<div class=\"\">\n<p><b class=\"\"><b class=\"\">Bei allen Fragen wenden Sie sich bitte an den F\u00f6rderverein:<\/b><\/b><\/p>\n<h4 class=\"moz-quote-pre\"><a class=\"moz-txt-link-abbreviated\" href=\"mailto:foerderverein-lousbergschule@gmx.de\"><span style=\"color: #3366ff;\">foerderverein-lousbergschule@gmx.de<\/span><\/a><\/h4>\n<\/div>\n<\/div>\n<p>&nbsp;<\/p>\n<p><strong>Auswahl verwirklichter bzw. aktueller Projekte<br \/>\n<\/strong>(Aktivit\u00e4ten, Sponsoring oder Kosten\u00fcbernahme)<\/p>\n<ul>\n<li>finanzielle Unterst\u00fctzung bei der Beschaffung neuer Lehrwerke<\/li>\n<li><a href=\"https:\/\/www.schule-am-lousberg.de\/wordpress_3\/index.php\/2019\/05\/12\/aktiver-foerderverein-flohmarkt-und-streichaktion-auf-dem-schulhof\/\">Flohmarkt und Streichaktion<\/a> auf dem Schulhof<\/li>\n<li>finanzielle Unterst\u00fctzung bei der Beschaffung von Spielger\u00e4ten (Tischtennisschl\u00e4ger f\u00fcr die Pause)<\/li>\n<li>finanzielle Unterst\u00fctzung bei der Beschaffung von Geobrettern f\u00fcr den Mathematikunterricht<\/li>\n<li>finanzielle Unterst\u00fctzung beim Aufbau der Schul-Mediathek sowie der Schulbibliothek<\/li>\n<li>finanzielle Unterst\u00fctzung zur Anschaffung der modernen Beameranlage<\/li>\n<li>weitere Schulhofversch\u00f6nerung nach Abriss des Pavillons etc.<\/li>\n<li>7 Sets Badmintonschl\u00e4ger<\/li>\n<li>Netze f\u00fcr die Fu\u00dfballtore auf dem Schulhof<\/li>\n<li>Hallenfu\u00dfballtore (anteilig)<\/li>\n<li>Erlebnisp\u00e4dagogik der 3.\/4. Klasse (anteilig)<\/li>\n<li>Kinder-Kunstprojekte mit Frau J\u00e4gersberg (anteilig)<\/li>\n<li>Klassenlekt\u00fcre &#8222;Magisches Baumhaus&#8220; und &#8222;Findefuchs&#8220; (anteilig)<\/li>\n<li>B\u00fccher f\u00fcr die B\u00fccherei (Wiederholte Aktualisierung des Bestandes)<\/li>\n<li>Kopfh\u00f6rer f\u00fcr die Computerarbeitspl\u00e4tze in allen Klassenr\u00e4umen<\/li>\n<li>20 Sets Schl\u00e4gel f\u00fcr Glockenspiel und Xylophon<\/li>\n<li>1 Klassensatz Boomwhackers f\u00fcr den Musikunterricht<\/li>\n<li>Material und Pflanzen f\u00fcr die j\u00e4hrliche Auffrischungsaktion des Schulhofs<\/li>\n<li>Weckm\u00e4nner f\u00fcr St. Martin<\/li>\n<li>Weihnachtsgeschenke f\u00fcr die Klassen<\/li>\n<li>Vortragshonorare Elternabend zum Thema &#8222;Weiterf\u00fchrende Schule&#8220;<\/li>\n<li>Equipment (Schulband)<\/li>\n<li>Unterst\u00fctzung der Mint-Tage\/ Projektwochen<br \/>\n<h5><span style=\"color: #000080;\"><strong><img loading=\"lazy\" decoding=\"async\" class=\"aligncenter wp-image-1552 size-full\" src=\"https:\/\/www.schule-am-lousberg.de\/wordpress_3\/wp-content\/uploads\/2019\/03\/Plakat-e1553717361521.jpg\" alt=\"\" width=\"300\" height=\"277\" \/><\/strong><\/span><\/h5>\n<\/li>\n<\/ul>\n<p>Eine aktive Elternschaft ist in Zeiten knapper Kassen mehr denn je gefordert. Helfen Sie durch Ihr Engagement mit, das angenehme Klima an der Schule weiter zu f\u00f6rdern.<\/p>\n<p><strong>Werden Sie Mitglied im F\u00f6rderverein!<\/strong><\/p>\n<p>Die <a href=\"https:\/\/www.schule-am-lousberg.de\/wordpress_3\/wp-content\/uploads\/2019\/03\/Beitrittserkla\u0308rung.pdf\"><span style=\"color: #3366ff;\">Beitrittserkla\u0308rung<\/span><\/a> k\u00f6nnen Sie gerne im Sekretariat der Schule abgeben.<\/p>\n<p>Die Satzung des F\u00f6rdervereins finden Sie hier:<\/p>\n<p><a href=\"https:\/\/www.schule-am-lousberg.de\/wordpress_3\/wp-content\/uploads\/2024\/10\/Satzung-in-der-Fassung-vom-29.04.2024-eingetragen-am-20.08.2024-ins-VR.pdf\">Satzung des F\u00f6rdervereins in der Fassung vom 29.04.2024 <\/a><\/p>\n","protected":false},"excerpt":{"rendered":"<p>Verein der Freunde und F\u00f6rderer der Schule am Lousberg e.V. Der F\u00f6rderverein wurde 1994 gegr\u00fcndet. Die Initiative hierzu entstammte einer sehr engagierten Elternschaft und der Schulleitung. Etwa 64 Eltern unterst\u00fctzen [&hellip;]<\/p>\n","protected":false},"author":1,"featured_media":0,"parent":41,"menu_order":0,"comment_status":"closed","ping_status":"closed","template":"","meta":{"footnotes":""},"class_list":["post-70","page","type-page","status-publish","hentry"],"_links":{"self":[{"href":"https:\/\/www.schule-am-lousberg.de\/wordpress_3\/wp-json\/wp\/v2\/pages\/70","targetHints":{"allow":["GET"]}}],"collection":[{"href":"https:\/\/www.schule-am-lousberg.de\/wordpress_3\/wp-json\/wp\/v2\/pages"}],"about":[{"href":"https:\/\/www.schule-am-lousberg.de\/wordpress_3\/wp-json\/wp\/v2\/types\/page"}],"author":[{"embeddable":true,"href":"https:\/\/www.schule-am-lousberg.de\/wordpress_3\/wp-json\/wp\/v2\/users\/1"}],"replies":[{"embeddable":true,"href":"https:\/\/www.schule-am-lousberg.de\/wordpress_3\/wp-json\/wp\/v2\/comments?post=70"}],"version-history":[{"count":26,"href":"https:\/\/www.schule-am-lousberg.de\/wordpress_3\/wp-json\/wp\/v2\/pages\/70\/revisions"}],"predecessor-version":[{"id":1064,"href":"https:\/\/www.schule-am-lousberg.de\/wordpress_3\/wp-json\/wp\/v2\/pages\/70\/revisions\/1064"}],"up":[{"embeddable":true,"href":"https:\/\/www.schule-am-lousberg.de\/wordpress_3\/wp-json\/wp\/v2\/pages\/41"}],"wp:attachment":[{"href":"https:\/\/www.schule-am-lousberg.de\/wordpress_3\/wp-json\/wp\/v2\/media?parent=70"}],"curies":[{"name":"wp","href":"https:\/\/api.w.org\/{rel}","templated":true}]}}