{"id":68,"date":"2018-09-19T17:01:53","date_gmt":"2018-09-19T17:01:53","guid":{"rendered":"https:\/\/www.schule-am-lousberg.de\/wordpress_3\/?page_id=68"},"modified":"2025-10-01T15:12:35","modified_gmt":"2025-10-01T13:12:35","slug":"elternmitwirkung","status":"publish","type":"page","link":"https:\/\/www.schule-am-lousberg.de\/wordpress_3\/schulleben\/elternmitwirkung\/","title":{"rendered":"Elternmitwirkung"},"content":{"rendered":"<h5><span style=\"color: #000080;\">Vorsitzende der Klassenpflegschaften<\/span><\/h5>\n<p>(Die Namen werden innerhalb der n\u00e4chsten Woche weiter aktualisiert, sobald die Pflegschaftssitzungen stattgefunden haben.)<\/p>\n<table style=\"height: 849px;\" width=\"582\">\n<tbody>\n<tr>\n<td width=\"70\"><strong>Klasse<\/strong><\/td>\n<td width=\"165\"><strong>Klassenpflegschaftsvorsitzende\/r<\/strong><\/td>\n<td width=\"165\"><strong>stellv. Vorsitzernde\/r<\/strong><\/td>\n<\/tr>\n<tr>\n<td width=\"70\"><\/td>\n<td width=\"173\"><\/td>\n<td><\/td>\n<\/tr>\n<tr>\n<td width=\"70\">1a<\/p>\n<p>1b<\/td>\n<td width=\"173\">Herr Klein<\/p>\n<p>Frau Heinrichs<\/td>\n<td>Frau St\u00f6ckermamm<\/p>\n<p>Frau Anders-Lamberti<\/td>\n<\/tr>\n<tr>\n<td width=\"70\"><\/td>\n<td width=\"173\"><\/td>\n<td><\/td>\n<\/tr>\n<tr>\n<td width=\"70\">2a<\/p>\n<p>2b<\/p>\n<p>2c<\/td>\n<td width=\"173\"><span style=\"font-family: inherit; font-size: inherit;\">Frau Haschke<\/span><\/p>\n<p>&nbsp;<\/p>\n<p>Frau Koppers<\/td>\n<td>Herr M\u00fcller<\/p>\n<p>&nbsp;<\/p>\n<p>Frau Pickartz<\/td>\n<\/tr>\n<tr>\n<td width=\"70\"><\/td>\n<td width=\"173\"><\/td>\n<td><\/td>\n<\/tr>\n<tr>\n<td width=\"70\">3a<\/p>\n<p>3b<\/td>\n<td width=\"173\"><span style=\"font-family: inherit; font-size: inherit;\">Frau Pursche,<\/span><\/p>\n<p>Frau Oswald<\/td>\n<td>Frau D\u00f6rfler<\/p>\n<p><span style=\"font-family: inherit; font-size: inherit;\">Frau G\u00f6rgen<\/span><\/td>\n<\/tr>\n<tr>\n<td width=\"70\"><\/td>\n<td width=\"173\"><\/td>\n<td><\/td>\n<\/tr>\n<tr>\n<td width=\"70\">4a<\/p>\n<p>4b<\/p>\n<p>4c<\/td>\n<td width=\"173\">Frau Carpus<\/p>\n<p>Frau Gola<\/p>\n<p>Herr F\u00f6rster<\/td>\n<td>Frau Kamprolf<\/p>\n<p>Frau Bolund<\/p>\n<p>Frau Wagener<\/td>\n<\/tr>\n<\/tbody>\n<\/table>\n<h5><span style=\"color: #000080;\">Vorsitzende der Schulpflegschaft<\/span><\/h5>\n<table width=\"233\">\n<tbody>\n<tr>\n<td width=\"115\">Frau Haschke<\/td>\n<td width=\"118\">Vorsitzende<\/td>\n<\/tr>\n<tr>\n<td>Frau Thomas<\/td>\n<td>Stellv. Vorsitzende<\/td>\n<\/tr>\n<\/tbody>\n<\/table>\n<hr \/>\n<h5><span style=\"color: #333333; font-size: 0.9375rem;\">Aktive Elternmithilfe gibt es bei uns in vielfacher Form:<\/span><\/h5>\n<ul>\n<li>in der B\u00fccherei der Schule &#8211; als Leseeltern und f\u00fcr die Pausenausleihe (auch Gro\u00dfeltern sind hier vertreten und willkommen!)<\/li>\n<li>bei der Einschulungsfeier und der Abschiedsfeier f\u00fcr die 4. Klassen<\/li>\n<li>bei den Bundesjugendspielen<\/li>\n<li>beim Martinsfest<\/li>\n<li>bei sonstigen Schulfeiern (Sommerfest\/ Weihnachtsfeier\/ &#8230;)<\/li>\n<li>bei Klassenausfl\u00fcgen<\/li>\n<li>im F\u00f6rderverein<\/li>\n<li>bei zahlreichen Aktivit\u00e4ten wie unsere Schulhofversch\u00f6nerung etc.<\/li>\n<\/ul>\n<p>Ganz herzlichen Dank f\u00fcr diese wunderbare Zusammenarbeit <span style=\"color: #003366;\">!<\/span><\/p>\n","protected":false},"excerpt":{"rendered":"<p>Vorsitzende der Klassenpflegschaften (Die Namen werden innerhalb der n\u00e4chsten Woche weiter aktualisiert, sobald die Pflegschaftssitzungen stattgefunden haben.) Klasse Klassenpflegschaftsvorsitzende\/r stellv. Vorsitzernde\/r 1a 1b Herr Klein Frau Heinrichs Frau St\u00f6ckermamm Frau [&hellip;]<\/p>\n","protected":false},"author":1,"featured_media":0,"parent":41,"menu_order":0,"comment_status":"closed","ping_status":"closed","template":"","meta":{"footnotes":""},"class_list":["post-68","page","type-page","status-publish","hentry"],"_links":{"self":[{"href":"https:\/\/www.schule-am-lousberg.de\/wordpress_3\/wp-json\/wp\/v2\/pages\/68","targetHints":{"allow":["GET"]}}],"collection":[{"href":"https:\/\/www.schule-am-lousberg.de\/wordpress_3\/wp-json\/wp\/v2\/pages"}],"about":[{"href":"https:\/\/www.schule-am-lousberg.de\/wordpress_3\/wp-json\/wp\/v2\/types\/page"}],"author":[{"embeddable":true,"href":"https:\/\/www.schule-am-lousberg.de\/wordpress_3\/wp-json\/wp\/v2\/users\/1"}],"replies":[{"embeddable":true,"href":"https:\/\/www.schule-am-lousberg.de\/wordpress_3\/wp-json\/wp\/v2\/comments?post=68"}],"version-history":[{"count":69,"href":"https:\/\/www.schule-am-lousberg.de\/wordpress_3\/wp-json\/wp\/v2\/pages\/68\/revisions"}],"predecessor-version":[{"id":7524,"href":"https:\/\/www.schule-am-lousberg.de\/wordpress_3\/wp-json\/wp\/v2\/pages\/68\/revisions\/7524"}],"up":[{"embeddable":true,"href":"https:\/\/www.schule-am-lousberg.de\/wordpress_3\/wp-json\/wp\/v2\/pages\/41"}],"wp:attachment":[{"href":"https:\/\/www.schule-am-lousberg.de\/wordpress_3\/wp-json\/wp\/v2\/media?parent=68"}],"curies":[{"name":"wp","href":"https:\/\/api.w.org\/{rel}","templated":true}]}}