{"id":5399,"date":"2023-02-22T08:37:45","date_gmt":"2023-02-22T07:37:45","guid":{"rendered":"https:\/\/www.schule-am-lousberg.de\/wordpress_3\/?page_id=5399"},"modified":"2024-11-26T21:30:30","modified_gmt":"2024-11-26T20:30:30","slug":"sozialpaedagogin","status":"publish","type":"page","link":"https:\/\/www.schule-am-lousberg.de\/wordpress_3\/sozialpaedagogin\/","title":{"rendered":"Sozialp\u00e4dagogik"},"content":{"rendered":"<p align=\"JUSTIFY\"><span style=\"font-family: Arial, sans-serif;\"><img loading=\"lazy\" decoding=\"async\" class=\"size-medium wp-image-6971 alignright\" src=\"https:\/\/www.schule-am-lousberg.de\/wordpress_3\/wp-content\/uploads\/2024\/11\/Spielkamp2-233x300.jpg\" alt=\"\" width=\"233\" height=\"300\" srcset=\"https:\/\/www.schule-am-lousberg.de\/wordpress_3\/wp-content\/uploads\/2024\/11\/Spielkamp2-233x300.jpg 233w, https:\/\/www.schule-am-lousberg.de\/wordpress_3\/wp-content\/uploads\/2024\/11\/Spielkamp2.jpg 335w\" sizes=\"auto, (max-width: 233px) 100vw, 233px\" \/>Mein Name ist Patricia Spielkamp und<br \/>\nseit dem 1.11.2024 bin ich an der Schule am Lousberg als sozialp\u00e4dagogische Fachkraft f\u00fcr die Schuleingangsphase t\u00e4tig. Mein Zust\u00e4ndigkeitsbereich umfasst die Klassen des ersten und zweiten Schuljahres und die Schnittstelle von Kita und Schule.<\/p>\n<p>Der vermehrte Ausbau von sozialp\u00e4dagogischen Stellen an Grundschulen beruft sich auf den Einstellungserlass des Ministeriums f\u00fcr Schule und Bildung aus dem Jahr 2018. Als Reaktion auf die voranschreitende Individualisierung der F\u00f6rderbedarfe von Kindern und damit einhergehenden steigenden Herausforderungen f\u00fcr Lehrkr\u00e4fte, wurde die Zahl der Stellen in NRW seitdem auf \u00fcber 2000 erh\u00f6ht.<\/p>\n<p>Die Etablierung von sozialp\u00e4dagogischem Personal an Grundschulen sehe ich als gro\u00dfe Chance, genau diesen Herausforderungen entgegenzustehen und die Teilhabe durch Bildung zu st\u00e4rken. Es ist mein Anliegen, Kinder in der Entwicklung ihrer basalen F\u00e4higkeiten zu unterst\u00fctzen. Dazu geh\u00f6ren meines Erachtens nicht nur die F\u00f6rderung und Forderung im Bereich der mathematischen und sprachlichen Grundbildung, sondern insbesondere die F\u00f6rderung und Forderung von altersentsprechender Wahrnehmung, sozial-emotionaler sowie motorischer Kompetenzen. Die St\u00e4rkung des Selbstbewusstseins und des Glaubens an die eigene Selbstwirksamkeit der Kinder stehen dabei genauso im Vordergrund wie die Beziehungsebene zwischen mir als Sozialp\u00e4dagogin, Ihrem Kind und Ihnen als Elternschaft.<\/p>\n<p>Neben der direkten Arbeit mit den Kindern im Unterricht und in Kleingruppen ist mir eine enge Zusammenarbeit mit den Lehrkr\u00e4ften, dem sonderp\u00e4dagogischen Personal, der Schulsozialarbeit sowie der OGS wichtig, weshalb hier ein regelm\u00e4\u00dfiger Austausch stattfindet. Dar\u00fcber hinaus ist es mein Anliegen, den Kontakt zu den Kitas auszubauen, um die \u00dcbergangsphase von der Kita in die Grundschule noch besser begleitet zu k\u00f6nnen.<\/p>\n<p>Bei Fragen zu meiner Arbeit k\u00f6nnen Sie mich gerne unter folgender E-Mail-Adresse kontaktieren:\u00a0<a href=\"mailto:p.spielkamp@schule-am-lousberg.de\">p.spielkamp@schule-am-lousberg.de<\/a><\/p>\n<p>Ich freue mich, Sie kennenzulernen.<\/p>\n<p>Patricia Spielkamp<br \/>\n<\/span><\/p>\n","protected":false},"excerpt":{"rendered":"<p>Mein Name ist Patricia Spielkamp und seit dem 1.11.2024 bin ich an der Schule am Lousberg als sozialp\u00e4dagogische Fachkraft f\u00fcr die Schuleingangsphase t\u00e4tig. Mein Zust\u00e4ndigkeitsbereich umfasst die Klassen des ersten [&hellip;]<\/p>\n","protected":false},"author":1,"featured_media":0,"parent":0,"menu_order":0,"comment_status":"closed","ping_status":"closed","template":"","meta":{"footnotes":""},"class_list":["post-5399","page","type-page","status-publish","hentry"],"_links":{"self":[{"href":"https:\/\/www.schule-am-lousberg.de\/wordpress_3\/wp-json\/wp\/v2\/pages\/5399","targetHints":{"allow":["GET"]}}],"collection":[{"href":"https:\/\/www.schule-am-lousberg.de\/wordpress_3\/wp-json\/wp\/v2\/pages"}],"about":[{"href":"https:\/\/www.schule-am-lousberg.de\/wordpress_3\/wp-json\/wp\/v2\/types\/page"}],"author":[{"embeddable":true,"href":"https:\/\/www.schule-am-lousberg.de\/wordpress_3\/wp-json\/wp\/v2\/users\/1"}],"replies":[{"embeddable":true,"href":"https:\/\/www.schule-am-lousberg.de\/wordpress_3\/wp-json\/wp\/v2\/comments?post=5399"}],"version-history":[{"count":6,"href":"https:\/\/www.schule-am-lousberg.de\/wordpress_3\/wp-json\/wp\/v2\/pages\/5399\/revisions"}],"predecessor-version":[{"id":6972,"href":"https:\/\/www.schule-am-lousberg.de\/wordpress_3\/wp-json\/wp\/v2\/pages\/5399\/revisions\/6972"}],"wp:attachment":[{"href":"https:\/\/www.schule-am-lousberg.de\/wordpress_3\/wp-json\/wp\/v2\/media?parent=5399"}],"curies":[{"name":"wp","href":"https:\/\/api.w.org\/{rel}","templated":true}]}}