{"id":4900,"date":"2022-08-31T17:38:06","date_gmt":"2022-08-31T15:38:06","guid":{"rendered":"https:\/\/www.schule-am-lousberg.de\/wordpress_3\/?page_id=4900"},"modified":"2025-09-10T16:13:50","modified_gmt":"2025-09-10T14:13:50","slug":"klassenfahrten","status":"publish","type":"page","link":"https:\/\/www.schule-am-lousberg.de\/wordpress_3\/schulleben\/klassenfahrten\/","title":{"rendered":"Klassenfahrten"},"content":{"rendered":"<p align=\"JUSTIFY\">Eine gro\u00dfe Freude bereitet den Kindern eine mehrt\u00e4gige Klassenfahrt in die Aachener Umgebung, die innerhalb der Grundschulzeit stattfindet. Kinder und Lehrer erfahren sich auf eine neue Art und Weise im Umgang miteinander und lernen sich so besser kennen. Wichtige Lernprozesse sind hierbei die Trennung von zu Hause f\u00fcr 2 \u00bd Tage, sowie das \u00dcbernehmen von kleinen Aufgaben und Pflichten f\u00fcr die Gemeinschaft.<\/p>\n<p align=\"JUSTIFY\"><img loading=\"lazy\" decoding=\"async\" class=\"size-medium wp-image-4902 alignleft\" src=\"https:\/\/www.schule-am-lousberg.de\/wordpress_3\/wp-content\/uploads\/2022\/08\/Holzbrett-232x300.jpg\" alt=\"\" width=\"232\" height=\"300\" srcset=\"https:\/\/www.schule-am-lousberg.de\/wordpress_3\/wp-content\/uploads\/2022\/08\/Holzbrett-232x300.jpg 232w, https:\/\/www.schule-am-lousberg.de\/wordpress_3\/wp-content\/uploads\/2022\/08\/Holzbrett.jpg 305w\" sizes=\"auto, (max-width: 232px) 100vw, 232px\" \/>Immer wieder nehmen die Klassen besondere Themenangebote wahr, die z. T. durch die Bildungszugabe der St\u00e4dteregion Aachen kostenlos erm\u00f6glicht werden (z.B. eine Bachexkursion, das Gewinnen von Sonnenenergie aus Zitronen, eine D\u00e4mmerungs- oder Fledermauswanderung, das mutige Erklettern eines Kletterturms oder der Besuch eines Bio- Bauernhofes). Bei den Klassenfahrten steht jedoch die Freude an gemeinsamen Spielen und gemeinsamen Unternehmungen im Vordergrund, was das soziale Miteinander untereinander gew\u00f6hnlich sehr st\u00e4rkt.<\/p>\n<p><span dir=\"ltr\" role=\"presentation\"> Zur Information hier die Richtlinien zu Schulfahrten von Seiten des Ministeriums: \u00a0<a href=\"https:\/\/www.schule-am-lousberg.de\/wordpress_3\/wp-content\/uploads\/2022\/08\/Schulfahrten-Erlass.pdf\">Schulfahrten Erlass.pdf<\/a><\/span><\/p>\n","protected":false},"excerpt":{"rendered":"<p>Eine gro\u00dfe Freude bereitet den Kindern eine mehrt\u00e4gige Klassenfahrt in die Aachener Umgebung, die innerhalb der Grundschulzeit stattfindet. Kinder und Lehrer erfahren sich auf eine neue Art und Weise im [&hellip;]<\/p>\n","protected":false},"author":1,"featured_media":0,"parent":41,"menu_order":0,"comment_status":"closed","ping_status":"closed","template":"","meta":{"footnotes":""},"class_list":["post-4900","page","type-page","status-publish","hentry"],"_links":{"self":[{"href":"https:\/\/www.schule-am-lousberg.de\/wordpress_3\/wp-json\/wp\/v2\/pages\/4900","targetHints":{"allow":["GET"]}}],"collection":[{"href":"https:\/\/www.schule-am-lousberg.de\/wordpress_3\/wp-json\/wp\/v2\/pages"}],"about":[{"href":"https:\/\/www.schule-am-lousberg.de\/wordpress_3\/wp-json\/wp\/v2\/types\/page"}],"author":[{"embeddable":true,"href":"https:\/\/www.schule-am-lousberg.de\/wordpress_3\/wp-json\/wp\/v2\/users\/1"}],"replies":[{"embeddable":true,"href":"https:\/\/www.schule-am-lousberg.de\/wordpress_3\/wp-json\/wp\/v2\/comments?post=4900"}],"version-history":[{"count":4,"href":"https:\/\/www.schule-am-lousberg.de\/wordpress_3\/wp-json\/wp\/v2\/pages\/4900\/revisions"}],"predecessor-version":[{"id":4904,"href":"https:\/\/www.schule-am-lousberg.de\/wordpress_3\/wp-json\/wp\/v2\/pages\/4900\/revisions\/4904"}],"up":[{"embeddable":true,"href":"https:\/\/www.schule-am-lousberg.de\/wordpress_3\/wp-json\/wp\/v2\/pages\/41"}],"wp:attachment":[{"href":"https:\/\/www.schule-am-lousberg.de\/wordpress_3\/wp-json\/wp\/v2\/media?parent=4900"}],"curies":[{"name":"wp","href":"https:\/\/api.w.org\/{rel}","templated":true}]}}