{"id":4860,"date":"2022-08-28T13:14:03","date_gmt":"2022-08-28T11:14:03","guid":{"rendered":"https:\/\/www.schule-am-lousberg.de\/wordpress_3\/?page_id=4860"},"modified":"2025-12-07T21:40:14","modified_gmt":"2025-12-07T20:40:14","slug":"aktuelles-aktuelle-aktionen-in-diesem-schuljahr","status":"publish","type":"page","link":"https:\/\/www.schule-am-lousberg.de\/wordpress_3\/ein-startseiten-abschnitt\/aktuelles-aktuelle-aktionen-in-diesem-schuljahr\/","title":{"rendered":"Aktuelle Aktionen in diesem Schuljahr"},"content":{"rendered":"<p align=\"CENTER\">In diesem Schuljahr gibt und gab es:<\/p>\n<p>ein Schulkonzert, gemeinsame Feiern und Aktionen (St. Martin, Weihnachtsfeier, DasDa-Theater, Karnevalsfeier, Bundesjugendspiele usw.) und wieder eine Projektwoche (siehe Terminplan). Hinzu kommen sicherlich noch vielf\u00e4ltige spannende Aktionen, z.B. Besuche des Tierparks und der Stadtbibliothek, die das Schulleben so wertvoll machen.<\/p>\n<hr \/>\n<p align=\"CENTER\"><img loading=\"lazy\" decoding=\"async\" class=\"wp-image-4865 size-full aligncenter\" src=\"https:\/\/www.schule-am-lousberg.de\/wordpress_3\/wp-content\/uploads\/2022\/08\/Mobilitaet.jpg\" alt=\"\" width=\"760\" height=\"269\" srcset=\"https:\/\/www.schule-am-lousberg.de\/wordpress_3\/wp-content\/uploads\/2022\/08\/Mobilitaet.jpg 760w, https:\/\/www.schule-am-lousberg.de\/wordpress_3\/wp-content\/uploads\/2022\/08\/Mobilitaet-300x106.jpg 300w\" sizes=\"auto, (max-width: 760px) 100vw, 760px\" \/><\/p>\n<h4 align=\"CENTER\"><span style=\"font-family: Comic Sans MS, sans-serif; color: #003366;\"><span style=\"font-size: large;\"><u><b>Unser Mobilit\u00e4tsprojekt<\/b><\/u><\/span><\/span><\/h4>\n<p align=\"JUSTIFY\"><span style=\"color: #2c363a;\"><span style=\"font-family: Comic Sans MS, sans-serif;\"><span style=\"font-size: medium;\">Seit 2022 <strong>nimmt unsere Schule an einem umfassend angelegten <\/strong><strong>Mobilit\u00e4tsprojekt teil, das in Zusammenarbeit mit der Stadt, einem Dortmunder Klimaschutz-B\u00fcro und einer Arbeitsgruppe von Lehrer*innen, Eltern und dem Kinderparlament durchgef\u00fchrt wird<\/strong>.<br \/>\nEs geht dabei u.a. um die F\u00f6rderung sicherer, eigenst\u00e4ndiger und nachhaltiger Mobilit\u00e4t an der Schule am Lousberg, die Analyse der aktuellen Mobilit\u00e4ts- und Verkehrssituation und um die anschlie\u00dfende Umsetzung eines Handlungs- und Ma\u00dfnahmenkonzeptes (z.B. die Errichtung von <strong>Elternhaltestellen<\/strong> oder <strong>sicherer Stra\u00dfen\u00fcberquerungen f\u00fcr unsere Kinder<\/strong>). So m\u00f6chten wir gerne einen Beitrag zum Klimaschutz leisten, die Selbstst\u00e4ndigkeit und Sicherheit der Kinder im Verkehr f\u00f6rdern und mit den Kindern Perspektiven f\u00fcr eine gesunde Zukunft erarbeiten. <\/span><\/span><\/span><\/p>\n<p align=\"JUSTIFY\">Weitere Informationen finden Sie dazu in unserem Blog:<br \/>\n<a href=\"https:\/\/www.schule-am-lousberg.de\/wordpress_3\/2022\/08\/mobilitaetsprojekt\/\">Unser Mobilit\u00e4tsprojekt<\/a> (28.08.2022)<\/p>\n<h4 style=\"text-align: center;\" align=\"JUSTIFY\"><span style=\"color: #333399;\">Ein Wasserspender f\u00fcr die Schule am Lousberg<\/span><\/h4>\n<p align=\"JUSTIFY\">Unsere Schule hat das Angebot erhalten, gemeinsam mit den Grundschulen KGS Passstra\u00dfe und GGS Br\u00fchlstra\u00dfe an einem <strong>&#8222;Wasserschule-Projekt&#8220; der Stawag Stadtwerke Aachen AG und der fit4future foundation<\/strong> teilzunehmen.<br \/>\nIm Rahmen dieses Projektes erh\u00e4lt unsere Schule f\u00fcr drei Jahre kostenfrei einen Wasserspender sowie f\u00fcr jede Sch\u00fcler*in und das gesamte Lousbergteam ein nachhaltig hergestelltes Trinkgef\u00e4\u00df, das innerhalb des Schultages beliebig oft gef\u00fcllt werden kann. Das Ziel ist es, den Sch\u00fcler*innen und dem gesamten Team der GGS am Lousberg jederzeit und kostenfrei einen gesunden Durstl\u00f6scher zur Verf\u00fcgung zu stellen. Seit dem Sommer 2023 steht er nun bei uns und wird flei\u00dfig genutzt.<br \/>\nEin wunderbarer Beitrag zur Gesundheit der gesamten Schule.<\/p>\n","protected":false},"excerpt":{"rendered":"<p>In diesem Schuljahr gibt und gab es: ein Schulkonzert, gemeinsame Feiern und Aktionen (St. Martin, Weihnachtsfeier, DasDa-Theater, Karnevalsfeier, Bundesjugendspiele usw.) und wieder eine Projektwoche (siehe Terminplan). Hinzu kommen sicherlich noch [&hellip;]<\/p>\n","protected":false},"author":1,"featured_media":0,"parent":12,"menu_order":0,"comment_status":"closed","ping_status":"closed","template":"","meta":{"footnotes":""},"class_list":["post-4860","page","type-page","status-publish","hentry"],"_links":{"self":[{"href":"https:\/\/www.schule-am-lousberg.de\/wordpress_3\/wp-json\/wp\/v2\/pages\/4860","targetHints":{"allow":["GET"]}}],"collection":[{"href":"https:\/\/www.schule-am-lousberg.de\/wordpress_3\/wp-json\/wp\/v2\/pages"}],"about":[{"href":"https:\/\/www.schule-am-lousberg.de\/wordpress_3\/wp-json\/wp\/v2\/types\/page"}],"author":[{"embeddable":true,"href":"https:\/\/www.schule-am-lousberg.de\/wordpress_3\/wp-json\/wp\/v2\/users\/1"}],"replies":[{"embeddable":true,"href":"https:\/\/www.schule-am-lousberg.de\/wordpress_3\/wp-json\/wp\/v2\/comments?post=4860"}],"version-history":[{"count":10,"href":"https:\/\/www.schule-am-lousberg.de\/wordpress_3\/wp-json\/wp\/v2\/pages\/4860\/revisions"}],"predecessor-version":[{"id":7639,"href":"https:\/\/www.schule-am-lousberg.de\/wordpress_3\/wp-json\/wp\/v2\/pages\/4860\/revisions\/7639"}],"up":[{"embeddable":true,"href":"https:\/\/www.schule-am-lousberg.de\/wordpress_3\/wp-json\/wp\/v2\/pages\/12"}],"wp:attachment":[{"href":"https:\/\/www.schule-am-lousberg.de\/wordpress_3\/wp-json\/wp\/v2\/media?parent=4860"}],"curies":[{"name":"wp","href":"https:\/\/api.w.org\/{rel}","templated":true}]}}