{"id":38,"date":"2018-09-19T16:52:28","date_gmt":"2018-09-19T16:52:28","guid":{"rendered":"https:\/\/www.schule-am-lousberg.de\/wordpress_3\/?page_id=38"},"modified":"2020-07-26T17:22:06","modified_gmt":"2020-07-26T15:22:06","slug":"unterricht","status":"publish","type":"page","link":"https:\/\/www.schule-am-lousberg.de\/wordpress_3\/unterricht\/","title":{"rendered":"Unterricht"},"content":{"rendered":"<h3 class=\"western\"><span style=\"color: #ff0000;\"><strong><img loading=\"lazy\" decoding=\"async\" class=\"wp-image-414 alignleft\" src=\"https:\/\/www.schule-am-lousberg.de\/wordpress_3\/wp-content\/uploads\/2018\/09\/klasse1-300x300.jpg\" alt=\"\" width=\"269\" height=\"269\" srcset=\"https:\/\/www.schule-am-lousberg.de\/wordpress_3\/wp-content\/uploads\/2018\/09\/klasse1-300x300.jpg 300w, https:\/\/www.schule-am-lousberg.de\/wordpress_3\/wp-content\/uploads\/2018\/09\/klasse1-150x150.jpg 150w, https:\/\/www.schule-am-lousberg.de\/wordpress_3\/wp-content\/uploads\/2018\/09\/klasse1-100x100.jpg 100w, https:\/\/www.schule-am-lousberg.de\/wordpress_3\/wp-content\/uploads\/2018\/09\/klasse1.jpg 608w\" sizes=\"auto, (max-width: 269px) 100vw, 269px\" \/><\/strong><\/span><\/h3>\n<p style=\"text-align: justify;\">Der Unterricht findet in der Regel in jahrgangsbezogenen Lerngruppen statt.<\/p>\n<p style=\"text-align: justify;\">Um unserer Sch\u00fclerschaft vielf\u00e4ltige Angebote und <strong>Abwechslung<\/strong> zu bieten, achten wir auf eine <strong>gesunde Balance<\/strong> zwischen den Lern- und Bewegungsphasen. Zudem bauen wir eine vielf\u00e4ltige Mischung unterschiedlicher Unterrichtsmethoden ein. Dabei nutzen wir, neben frontalen Phasen, vor allem freiere Unterrichtsmethoden.<\/p>\n<p style=\"text-align: justify;\">Frontale Arbeitsphasen fokussieren die Kinder sehr gezielt auf einen Lerngegenstand. Sie werden an unserer Schule bevorzugt zur Einf\u00fchrung neuer, komplexer Lerninhalte eingesetzt.<\/p>\n<p style=\"text-align: justify;\">Beim Arbeiten an \u201e<strong>Werkst\u00e4tten<\/strong>&#8220; k\u00f6nnen die Kinder zu einem vorgegebenen Thema aus vielf\u00e4ltigen, unterschiedlichen Angeboten ausw\u00e4hlen, was sie bearbeiten m\u00f6chten und die Reihenfolge selbst bestimmen. Dabei gibt es Pflichtaufgaben und Zusatzangebote. So k\u00f6nnen wir dem unterschiedlichen Lernfortschritt und K\u00f6nnen der Sch\u00fcler individuell begegnen und passende Angebote f\u00fcr jedes Kind finden.<\/p>\n<p style=\"text-align: justify;\">\u00c4hnlich funktioniert das <strong>Stationen-Lernen<\/strong>, bei dem die Kinder verschiedene, teils individuell an den Lernstand angepasste Stationen innerhalb des Klassenraumes durchlaufen.<\/p>\n<p style=\"text-align: justify;\">Bei beiden\u00a0 Methoden sind sowohl die <strong>Einzel-, Partner-<\/strong> als auch <strong>Gruppenarbeit<\/strong> m\u00f6glich. Insgesamt steht jedoch ein kooperatives Lernen im Vordergrund.<\/p>\n<p style=\"text-align: justify;\">Unsere Grundprinzipien bei \u00a0diesen offenen Arbeitsformen sind:<\/p>\n<ul>\n<li style=\"text-align: justify;\">Gegenseitige R\u00fccksichtnahme<\/li>\n<li style=\"text-align: justify;\">Einander zuzuh\u00f6ren\/ Einhalten von (Gespr\u00e4chs-)Regeln<\/li>\n<li style=\"text-align: justify;\">Produktives Arbeiten im Team<\/li>\n<\/ul>\n<p style=\"text-align: justify;\">Bevorzugt werden bei Werkst\u00e4tten und dem Station-Lernen die Angebote f\u00e4cher\u00fcbergreifend gestaltet.<\/p>\n<p style=\"text-align: justify;\">Besonders stolz sind Kinder, die wegen ihrer guten Kenntnisse zum Experten eines Werkstattangebots oder einer \u00a0Station \u201eernannt&#8220; werden. Das erlaubt ihnen, ihre Mitsch\u00fcler kompetent zu beraten und sie zu unterst\u00fctzen.<\/p>\n<p><img loading=\"lazy\" decoding=\"async\" class=\"alignleft size-medium wp-image-1043\" src=\"https:\/\/www.schule-am-lousberg.de\/wordpress_3\/wp-content\/uploads\/2018\/10\/AKS_7732-300x200.jpg\" alt=\"\" width=\"300\" height=\"200\" srcset=\"https:\/\/www.schule-am-lousberg.de\/wordpress_3\/wp-content\/uploads\/2018\/10\/AKS_7732-300x200.jpg 300w, https:\/\/www.schule-am-lousberg.de\/wordpress_3\/wp-content\/uploads\/2018\/10\/AKS_7732.jpg 700w\" sizes=\"auto, (max-width: 300px) 100vw, 300px\" \/><img loading=\"lazy\" decoding=\"async\" class=\"alignleft size-medium wp-image-1042\" src=\"https:\/\/www.schule-am-lousberg.de\/wordpress_3\/wp-content\/uploads\/2018\/10\/AKS_7730-300x200.jpg\" alt=\"\" width=\"300\" height=\"200\" srcset=\"https:\/\/www.schule-am-lousberg.de\/wordpress_3\/wp-content\/uploads\/2018\/10\/AKS_7730-300x200.jpg 300w, https:\/\/www.schule-am-lousberg.de\/wordpress_3\/wp-content\/uploads\/2018\/10\/AKS_7730.jpg 700w\" sizes=\"auto, (max-width: 300px) 100vw, 300px\" \/><\/p>\n","protected":false},"excerpt":{"rendered":"<p>Der Unterricht findet in der Regel in jahrgangsbezogenen Lerngruppen statt. Um unserer Sch\u00fclerschaft vielf\u00e4ltige Angebote und Abwechslung zu bieten, achten wir auf eine gesunde Balance zwischen den Lern- und Bewegungsphasen. [&hellip;]<\/p>\n","protected":false},"author":1,"featured_media":0,"parent":0,"menu_order":0,"comment_status":"closed","ping_status":"closed","template":"","meta":{"footnotes":""},"class_list":["post-38","page","type-page","status-publish","hentry"],"_links":{"self":[{"href":"https:\/\/www.schule-am-lousberg.de\/wordpress_3\/wp-json\/wp\/v2\/pages\/38","targetHints":{"allow":["GET"]}}],"collection":[{"href":"https:\/\/www.schule-am-lousberg.de\/wordpress_3\/wp-json\/wp\/v2\/pages"}],"about":[{"href":"https:\/\/www.schule-am-lousberg.de\/wordpress_3\/wp-json\/wp\/v2\/types\/page"}],"author":[{"embeddable":true,"href":"https:\/\/www.schule-am-lousberg.de\/wordpress_3\/wp-json\/wp\/v2\/users\/1"}],"replies":[{"embeddable":true,"href":"https:\/\/www.schule-am-lousberg.de\/wordpress_3\/wp-json\/wp\/v2\/comments?post=38"}],"version-history":[{"count":17,"href":"https:\/\/www.schule-am-lousberg.de\/wordpress_3\/wp-json\/wp\/v2\/pages\/38\/revisions"}],"predecessor-version":[{"id":2224,"href":"https:\/\/www.schule-am-lousberg.de\/wordpress_3\/wp-json\/wp\/v2\/pages\/38\/revisions\/2224"}],"wp:attachment":[{"href":"https:\/\/www.schule-am-lousberg.de\/wordpress_3\/wp-json\/wp\/v2\/media?parent=38"}],"curies":[{"name":"wp","href":"https:\/\/api.w.org\/{rel}","templated":true}]}}