{"id":24,"date":"2018-09-19T16:51:11","date_gmt":"2018-09-19T16:51:11","guid":{"rendered":"https:\/\/www.schule-am-lousberg.de\/wordpress_3\/?page_id=24"},"modified":"2019-01-27T10:16:42","modified_gmt":"2019-01-27T09:16:42","slug":"ganztag","status":"publish","type":"page","link":"https:\/\/www.schule-am-lousberg.de\/wordpress_3\/ganztag\/","title":{"rendered":"Ganztag"},"content":{"rendered":"<p style=\"text-align: justify;\"><img loading=\"lazy\" decoding=\"async\" class=\"alignleft size-medium wp-image-556\" src=\"https:\/\/www.schule-am-lousberg.de\/wordpress_3\/wp-content\/uploads\/2018\/09\/AKS_7881-300x200.jpg\" alt=\"\" width=\"300\" height=\"200\" srcset=\"https:\/\/www.schule-am-lousberg.de\/wordpress_3\/wp-content\/uploads\/2018\/09\/AKS_7881-300x200.jpg 300w, https:\/\/www.schule-am-lousberg.de\/wordpress_3\/wp-content\/uploads\/2018\/09\/AKS_7881.jpg 700w\" sizes=\"auto, (max-width: 300px) 100vw, 300px\" \/>Nach dem Unterricht haben die Kinder die M\u00f6glichkeit, die Offene Ganztagsschule zu besuchen. In den gro\u00dfz\u00fcgigen R\u00e4umlichkeiten unserer OGS erleben die Kinder einen anregenden oder auch entspannten Nachmittag im gewohnten Umfeld.<\/p>\n<p style=\"text-align: justify;\">Besonders wichtig ist uns eine enge Zusammenarbeit mit dem schulischen Bereich am Vormittag. So arbeiten unsere Bezugserzieherinnen und -erzieher in einem Tandem mit der jeweiligen Klassenlehrkraft zusammen.<\/p>\n<p style=\"text-align: justify;\">Informieren Sie sich gerne ausf\u00fchrlich \u00fcber unser <a href=\"https:\/\/www.schule-am-lousberg.de\/wordpress_3\/index.php\/ganztag\/konzepte\/\">Konzept .<\/a><\/p>\n<h5><span style=\"color: #000080;\">Die OGS erreichen sie unter:<\/span><\/h5>\n<p>Tel: +49 (0) 241 &#8211; 41383161<br \/>\nMail: ogs.am.lousberg@gmx.de<\/p>\n<p>&nbsp;<\/p>\n<p>&nbsp;<\/p>\n","protected":false},"excerpt":{"rendered":"<p>Nach dem Unterricht haben die Kinder die M\u00f6glichkeit, die Offene Ganztagsschule zu besuchen. In den gro\u00dfz\u00fcgigen R\u00e4umlichkeiten unserer OGS erleben die Kinder einen anregenden oder auch entspannten Nachmittag im gewohnten [&hellip;]<\/p>\n","protected":false},"author":1,"featured_media":0,"parent":0,"menu_order":0,"comment_status":"closed","ping_status":"closed","template":"","meta":{"footnotes":""},"class_list":["post-24","page","type-page","status-publish","hentry"],"_links":{"self":[{"href":"https:\/\/www.schule-am-lousberg.de\/wordpress_3\/wp-json\/wp\/v2\/pages\/24","targetHints":{"allow":["GET"]}}],"collection":[{"href":"https:\/\/www.schule-am-lousberg.de\/wordpress_3\/wp-json\/wp\/v2\/pages"}],"about":[{"href":"https:\/\/www.schule-am-lousberg.de\/wordpress_3\/wp-json\/wp\/v2\/types\/page"}],"author":[{"embeddable":true,"href":"https:\/\/www.schule-am-lousberg.de\/wordpress_3\/wp-json\/wp\/v2\/users\/1"}],"replies":[{"embeddable":true,"href":"https:\/\/www.schule-am-lousberg.de\/wordpress_3\/wp-json\/wp\/v2\/comments?post=24"}],"version-history":[{"count":10,"href":"https:\/\/www.schule-am-lousberg.de\/wordpress_3\/wp-json\/wp\/v2\/pages\/24\/revisions"}],"predecessor-version":[{"id":1435,"href":"https:\/\/www.schule-am-lousberg.de\/wordpress_3\/wp-json\/wp\/v2\/pages\/24\/revisions\/1435"}],"wp:attachment":[{"href":"https:\/\/www.schule-am-lousberg.de\/wordpress_3\/wp-json\/wp\/v2\/media?parent=24"}],"curies":[{"name":"wp","href":"https:\/\/api.w.org\/{rel}","templated":true}]}}