{"id":1579,"date":"2019-04-01T22:01:04","date_gmt":"2019-04-01T20:01:04","guid":{"rendered":"https:\/\/www.schule-am-lousberg.de\/wordpress_3\/?page_id=1579"},"modified":"2025-09-14T20:43:23","modified_gmt":"2025-09-14T18:43:23","slug":"arbeitsgemeinschaften","status":"publish","type":"page","link":"https:\/\/www.schule-am-lousberg.de\/wordpress_3\/arbeitsgemeinschaften\/","title":{"rendered":"Arbeitsgemeinschaften"},"content":{"rendered":"<p class=\"western\" align=\"justify\"><span style=\"color: #000000;\"><span style=\"font-size: medium;\"><span lang=\"de-DE\">Zus\u00e4tzlich zu den zahlreichen Kursen, die das Team des Ganztagsbereichs anbietet (siehe <a href=\"https:\/\/www.schule-am-lousberg.de\/wordpress_3\/ganztag\/kurse\/\">Kurse im Ganztag<\/a>), gibt es von Lehrer*innen durchgef\u00fchrte Arbeitsgemeinschaften aus dem Stunden-Deputat der OGS an unserer Schule, die immer wieder f\u00fcr Abwechslung im Schulalltag sorgen. Seit vielen Jahren bereichern diese Arbeitsgemeinschaften als freiwilliges Zusatzangebot f\u00fcr die Erst- bis Viertkl\u00e4ssler unser Schulleben. Die Kinder, die nicht die OGS besuchen, d\u00fcrfen ebenfalls an diesen Kursen teilnehmen. <\/span><\/span><\/span><\/p>\n<p><strong>BAND-AG<br \/>\n<\/strong><span style=\"color: #471f1f;\"><span style=\"font-family: Arial, sans-serif;\"><span style=\"font-size: medium;\">(findet im Sj. 2025\/2026 statt)<\/span><\/span><\/span><span style=\"color: #471f1f;\"><span style=\"font-family: Arial, sans-serif;\"><span style=\"font-size: medium;\"><br \/>\n<\/span><\/span><\/span><span style=\"font-family: Arial, sans-serif;\"><span style=\"color: #333333;\"><span lang=\"de-DE\">In der Band-AG <\/span><\/span>k<span lang=\"sv-SE\">\u00f6<\/span><span lang=\"nl-NL\">nnen <\/span><span lang=\"en-US\">kreative <\/span><span lang=\"de-DE\">Viertkl<\/span>\u00e4<span lang=\"da-DK\">ssler<\/span><span lang=\"da-DK\">*innen <\/span>in <span lang=\"de-DE\">echte <\/span><span lang=\"da-DK\">Rockmusik <\/span><span lang=\"de-DE\">hineinschnuppern.<img loading=\"lazy\" decoding=\"async\" class=\"wp-image-6734 size-medium alignright\" src=\"https:\/\/www.schule-am-lousberg.de\/wordpress_3\/wp-content\/uploads\/2024\/09\/Band-AG2-300x225.jpg\" alt=\"\" width=\"300\" height=\"225\" srcset=\"https:\/\/www.schule-am-lousberg.de\/wordpress_3\/wp-content\/uploads\/2024\/09\/Band-AG2-300x225.jpg 300w, https:\/\/www.schule-am-lousberg.de\/wordpress_3\/wp-content\/uploads\/2024\/09\/Band-AG2-768x576.jpg 768w, https:\/\/www.schule-am-lousberg.de\/wordpress_3\/wp-content\/uploads\/2024\/09\/Band-AG2.jpg 1024w\" sizes=\"auto, (max-width: 300px) 100vw, 300px\" \/><span lang=\"de-DE\" style=\"font-size: 1rem;\"><br \/>\nOb am E-Bass, der E-Gitarre, dem Keyboard, auf dem Schlagzeug oder als S<\/span><span style=\"font-size: 1rem;\">\u00e4nger\/-in. <\/span><span lang=\"de-DE\" style=\"font-size: 1rem;\">Der Experimentierfreude sind hier keine Grenzen gesetzt. <\/span><span lang=\"de-DE\" style=\"font-size: 1rem;\">Belohnt wird das Engagement mit einem aufregenden Auftritt auf der Schulb<\/span><span style=\"font-size: 1rem;\">\u00fchne. Den n\u00e4<\/span><span lang=\"de-DE\" style=\"font-size: 1rem;\">chsten Auftritt wird es voraussichtlich im Januar beim Schulkonzert geben!<\/span><\/span><\/span><\/p>\n<p><strong>BLOCKFL\u00d6TEN-AG<\/strong><br \/>\n(findet im Schuljahr 2025\/2026 statt)<br \/>\n<span style=\"font-size: medium;\"><span style=\"color: #461f1f;\"><span style=\"font-family: Helvetica, serif;\"><span lang=\"de-DE\">Die Freude an der Musik und dem Musizieren aufzubauen, steht in der Blockfl\u00f6ten-AG im Vordergrund. Gemeinsam lernen wir die Einzelteile einer Blockfl\u00f6te kennen, \u00fcben das Spielen nach Vorgaben und das richtige Anblasen. Schon nach wenigen Wochen spielen wir erste Lieder nach Noten. Nat\u00fcrlich m\u00fcssen wir auch zu Hause flei\u00dfig \u00fcben, damit wir immer besser werden.<\/span><\/span><\/span><\/span><\/p>\n<p><strong>FUSSBALL-AG (M\u00c4DCHEN UND JUNGEN, Kl. 2, 3, 4)<br \/>\n<\/strong>(findet im Schuljahr 2025\/2026 statt)<br \/>\n<span style=\"font-family: Arial, sans-serif;\"><span style=\"font-size: medium;\">Die Fu\u00dfball \u2013 AG erfreut sich seit Jahren gr\u00f6\u00dfter Beliebtheit an unserer Schule. Besonders nach den Erfolgen bei der letzten St\u00e4dteregionsmeisterschaft und dem damit verbundenen Schulausflug zum Tivoli ist der Andrang gro\u00df. Knapp 50 Kinder werden somit auch in diesem Jahr in M\u00e4dchen- und Jungen-AGs mit aller Leidenschaft dem \u201erunden Leder\u201c hinterherlaufen.<\/span><\/span><\/p>\n<p><strong>KOCH-AG<\/strong><br \/>\n(findet im Sj. 2025-2026 statt)<br \/>\nJeden Freitagmittag zieht ein k\u00f6stlicher Duft durch die Lousbergschule, denn die Kinder der Koch-AG sind wieder flei\u00dfig und schnippeln, brutzeln und backen. Egal ob s\u00fc\u00df oder herzhaft, Obst oder Gem\u00fcse fehlt bei unseren Gerichten nie! Wir sind Meister und Meisterinnen in verschiedenen Kombinationen. So gibt es von Ofengem\u00fcse \u00fcber Lasagne, Wraps und Obstspie\u00dfen bis hin zu Keksen in der Weihnachtszeit alles was schmeckt,\u00a0 Spa\u00df macht in der Zubereitung. Der kr\u00f6nende Abschluss jeder AG-Stunde ist nat\u00fcrlich das gemeinsame Essen.<\/p>\n<p><strong>ROBOTER-AG<\/strong> (Programmieren mit Lego-Spike-Kisten)<br \/>\n(findet im Sj. 2025-2026 statt)<br \/>\nIn dieser AG d\u00fcrfen die Kinder mit den Lego-Spike-Kisten mit einer Anleitung (oder sp\u00e4ter selbst kreativ) zuerst Lego-Figuren bauen, dann am iPad einen Programmierpfad dazu schreiben und schlie\u00dflich sehen, ob die Figuren die richtigen Bewegungen ausf\u00fchren.<br \/>\nOb mit Lichtsensor oder Drehmotor &#8211; richtige Bewegung ist durch Akkus dabei.<br \/>\nUnd auch Teamarbeit ist hier gefragt, denn die Kinder arbeiten gemeinsam an den Projekten.<\/p>\n<p><strong>SCHACH-AG<br \/>\n<\/strong><span style=\"font-size: 1rem;\">(findet voraussichtlich ab 02\/2026 statt)<br \/>\n<\/span><span style=\"font-family: Arial, sans-serif;\"><span style=\"font-size: medium;\">Die faszinierende Welt des Schachspiels&#8230; Es f\u00f6rdert nicht nur das logische Denken, sondern auch Konzentration, Geduld und die F\u00e4higkeit, Probleme zu l\u00f6sen.<\/span><\/span><span style=\"color: #471f1f;\"><span style=\"font-family: Arial, sans-serif;\"><span style=\"font-size: medium;\"><br \/>\n<\/span><\/span><\/span>Ein wichtiger Bestandteil der Schach AG ist der Teamgeist. Die Kinder werden ermutigt, miteinander zu kommunizieren und voneinander zu lernen. Oft spielen sie in Paaren oder kleinen Gruppen, um ihre Strategien zu diskutieren und neue Tricks auszuprobieren.<\/p>\n<p>Wichtige Werte wie Fairness, Respekt und Durchhalteverm\u00f6gen stehen im Mittelpunkt unserer Schach AG. Die Kinder lernen, ihre Emotionen zu kontrollieren, sowohl bei Siegen als auch bei Niederlagen, und entwickeln so soziale Kompetenzen, die ihnen auch au\u00dferhalb des Schachbretts zugutekommen.<\/p>\n<p><strong>SCH\u00dcLERZEITUNGS-AG<br \/>\n<\/strong><span style=\"font-size: 1rem;\">(findet im Schuljahr 2025\/2026 statt)<\/span><\/p>\n<p><img loading=\"lazy\" decoding=\"async\" class=\"size-full wp-image-5713 alignleft\" src=\"https:\/\/www.schule-am-lousberg.de\/wordpress_3\/wp-content\/uploads\/2023\/08\/Zeitung-Lous-News-e1692045240626.jpg\" alt=\"\" width=\"240\" height=\"320\" srcset=\"https:\/\/www.schule-am-lousberg.de\/wordpress_3\/wp-content\/uploads\/2023\/08\/Zeitung-Lous-News-e1692045240626.jpg 240w, https:\/\/www.schule-am-lousberg.de\/wordpress_3\/wp-content\/uploads\/2023\/08\/Zeitung-Lous-News-e1692045240626-225x300.jpg 225w\" sizes=\"auto, (max-width: 240px) 100vw, 240px\" \/>Lous \u2013 News, unter diesem Namen haben nun schon mehrfach flei\u00dfige Redakteurinnen und Redakteure in den letzten Schuljahren unsere Sch\u00fclerzeitung herausgebracht.<\/p>\n<p align=\"JUSTIFY\">Darin konnte man zum Beispiel tolle Artikel \u00fcber Tiere sowie Rezepte, R\u00e4tsel und Witze finden. Sogar \u00fcber unsere Schule haben einige Kinder berichtet und dabei zum Beispiel Beitr\u00e4ge \u00fcber die anderen AGs hier am Lousberg geschrieben.<br \/>\nAuch in diesem Schuljahr arbeiten wieder zahlreiche Kinder der zweiten, dritten und vierten Schuljahre an der neuen Ausgabe mit. Als rasende Reporter flitzen diese Kinder dann mit I-Pads durch unsere Schule, um \u00fcber interessante Dinge zu berichten. Nat\u00fcrlich wird auch flei\u00dfig im Internet recherchiert, damit zum Beispiel ein spannender Beitrag \u00fcber ein Tier entstehen kann.<\/p>\n<p align=\"JUSTIFY\">Wir freuen uns jetzt schon darauf, wenn die neue Ausgabe unserer Sch\u00fclerzeitung dann vor den Osterferien des kommenden Jahres fertig ist und die Kinder der AG sie verkaufen k\u00f6nnen?<\/p>\n<hr \/>\n<p><strong>CHOR-AG<br \/>\n<\/strong>(findet z.Zt. nicht statt)<br \/>\n<span style=\"font-family: Arial, sans-serif;\"><span style=\"font-size: medium;\">Nat\u00fcrlich steht in der Chor-AG das Singen an erster Stelle. Zuerst singen wir uns mit lustigen \u00dcbungen ein, zum Beispiel mit dem Echolied. Viele sch\u00f6ne Lieder haben wir schon gelernt, vom W\u00fcnschen, von zehn zahmen Ziegenb\u00f6cken, von flinken H\u00e4nden und F\u00fc\u00dfen und von den Farben der Welt. Manchmal bewegen wir uns zu den Liedern, manchmal begleiten wir das Singen rhythmisch mit Instrumenten. <\/span><\/span><\/p>\n<p><strong>ENTSPANNUNGS-AG<br \/>\n<\/strong>(findet z.Zt. nicht statt)<br \/>\n<span style=\"font-family: Arial, sans-serif;\"><span style=\"font-size: medium;\">In dieser AG k\u00f6nnen sich unsere Sch\u00fcler*innen vom Alltag erholen und Kraft tanken. Sie werden durch verschiedene Stille\u00fcbungen, Traumreisen, Streichelmassagen, Achtsamkeits\u00fcbungen, Yoga- \u00dcbungen f\u00fcr Kinder sowie \u00dcbungen zur progressiven Muskelentspannung an eine k\u00f6rperliche und geistige Entspannung herangef\u00fchrt, die ihnen auch im Unterricht und beim Lernen helfen kann.<\/span><\/span><\/p>\n<p><b>GARTEN-AG<\/b><br \/>\n(findet z.Zt. nicht statt)<br \/>\nIn der Garten-AG pflegen wir die acht Hochbeete auf dem oberen Schulhof und die gr\u00fcne Oase. Dabei f\u00e4llt zu jeder Jahreszeit eine Menge Arbeit an. Im Fr\u00fchling s\u00e4en wir zum Beispiel neue Blumen- oder Gem\u00fcsesamen aus. Im Sommer j\u00e4ten wir Unkraut, gie\u00dfen und probieren die ersten Fr\u00fcchte. Im Sp\u00e4tsommer und Herbst beginnt die Erntezeit. Dann darf jeder etwas von unserem Gem\u00fcse mit nach Hause nehmen oder wir kochen etwas zusammen. Im Winter machen wir die Beete winterfest und bereiten sie f\u00fcr den Fr\u00fchling vor. Au\u00dferdem planen wir zusammen das n\u00e4chste Gartenjahr.<br \/>\nGanz nebenbei lernen wir in der Garten-AG viel \u00fcber die unterschiedlichen Pflanzen und Tiere, die auf unserem Schulgel\u00e4nde zu Hause sind.<\/p>\n<p><strong>HOMEPAGE-AG<\/strong><br \/>\n(findet z.Zt. nicht statt)<\/p>\n<p align=\"JUSTIFY\">Flei\u00dfig werden hier Berichte von Kindern f\u00fcr Kinder geschrieben. Hier gibt es die neuesten Kindernachrichten der Homepage-AG:<br \/>\n<a href=\"https:\/\/www.schule-am-lousberg.de\/wordpress_3\/wp-content\/uploads\/2025\/09\/Homepage-AG-Die-Kinderseite-2025.pdf\">Homepage AG &#8211; Die Kinderseite 2025<\/a><\/p>\n<p align=\"JUSTIFY\"><b>SPIELE-AG<\/b><br \/>\n<span style=\"font-size: 1rem;\">(findet z.Zt. nicht statt)<br \/>\nSpiele-AG<br \/>\nIn unserer Spiele-AG dreht sich alles rund ums Spielen. Hier haben die Kinder die M\u00f6glichkeit, eine Vielzahl von Gesellschaftsspielen kennenzulernen und auszuprobieren. Aber das ist noch nicht alles: Wir werden auch kreativ und entwickeln unsere eigenen Spielideen oder ver\u00e4ndern bekannte Spiele nach unseren Vorstellungen.<br \/>\n<\/span>Bei gutem Wetter geht es auch mal nach drau\u00dfen auf den Schulhof, wo wir gemeinsam Bewegungsspiele ausprobieren. Au\u00dferdem nutzen wir unter anderem das iPad, um dort altersgerechte Spiele Apps zu erkunden.<br \/>\nUnsere AG ist der perfekte Ort, um Spa\u00df zu haben, Neues zu entdecken und dabei spielerisch die Kreativit\u00e4t und Teamf\u00e4higkeit zu st\u00e4rken!<\/p>\n<p align=\"JUSTIFY\"><b style=\"font-size: 1rem;\"><br \/>\nEXPERIMENTIER-AG<br \/>\n<\/b>(findet z.Zt. nicht statt)<br \/>\nStaunen, erforschen, hinterfragen: Wir lieben Experimente! In der Experimentier- AG besch\u00e4ftigen wir uns mit verschiedenen naturwissenschaftlichen Ph\u00e4nomenen und gehen diesen auf den Grund. Mit lustigen und spannenden Experimenten aus allt\u00e4glichen Dingen entdecken wir die Welt. Nat\u00fcrlich finden hier auch die eigenen Ideen und W\u00fcnsche der Kinder Platz, um den Forschergeist zu wecken.<\/p>\n<p align=\"JUSTIFY\"><strong>THEATER-AG<br \/>\n<\/strong>(findet z.Zt. nicht statt)<br \/>\nWir lernen das Theaterspielen kreativ kennen, indem wir verschiedene Spiele und \u00dcbungen durchf\u00fchren (Mimik, Gestik, K\u00f6rpergef\u00fchl, Stimme\u2026) und auch Rituale zum Aufw\u00e4rmen ein\u00fcben.<br \/>\nIm Laufe der Zeit m\u00f6chten wir ein kleines Theaterst\u00fcck ein\u00fcben und auff\u00fchren. Insgesamt steht der Spa\u00df jederzeit im Vordergrund!<\/p>\n<p align=\"JUSTIFY\"><b>TRICKFILM-AG<\/b><br \/>\n(findet z.Zt. nicht statt)<br \/>\nFoto f\u00fcr Foto zum fertigen Film. Die neueste Technik macht es spielend leicht m\u00f6glich. Ob wir Legofiguren zum Laufen gebracht haben (Stellbilder), mit Legetrick (flach auf einer Ebene) arbeiten oder die Kinder selbst zu &#8222;Darstellern&#8220; werden &#8211; der Phantasie sind keine Grenzen gesetzt. Vielleicht werden auch unsere ganz eigenen Hintergr\u00fcnde und Figuren. All&#8216; das ist m\u00f6glich.<br \/>\nMit Geduld geht es dann ans Werk. Aufstellen &#8211; Foto &#8211; leicht verschieben &#8211; Foto &#8211; leicht verschieben &#8211; Foto, usw.<br \/>\nEs kommen immer wieder tolle Ergebnisse dabei heraus.<\/p>\n","protected":false},"excerpt":{"rendered":"<p>Zus\u00e4tzlich zu den zahlreichen Kursen, die das Team des Ganztagsbereichs anbietet (siehe Kurse im Ganztag), gibt es von Lehrer*innen durchgef\u00fchrte Arbeitsgemeinschaften aus dem Stunden-Deputat der OGS an unserer Schule, die [&hellip;]<\/p>\n","protected":false},"author":1,"featured_media":0,"parent":0,"menu_order":0,"comment_status":"closed","ping_status":"closed","template":"","meta":{"footnotes":""},"class_list":["post-1579","page","type-page","status-publish","hentry"],"_links":{"self":[{"href":"https:\/\/www.schule-am-lousberg.de\/wordpress_3\/wp-json\/wp\/v2\/pages\/1579","targetHints":{"allow":["GET"]}}],"collection":[{"href":"https:\/\/www.schule-am-lousberg.de\/wordpress_3\/wp-json\/wp\/v2\/pages"}],"about":[{"href":"https:\/\/www.schule-am-lousberg.de\/wordpress_3\/wp-json\/wp\/v2\/types\/page"}],"author":[{"embeddable":true,"href":"https:\/\/www.schule-am-lousberg.de\/wordpress_3\/wp-json\/wp\/v2\/users\/1"}],"replies":[{"embeddable":true,"href":"https:\/\/www.schule-am-lousberg.de\/wordpress_3\/wp-json\/wp\/v2\/comments?post=1579"}],"version-history":[{"count":85,"href":"https:\/\/www.schule-am-lousberg.de\/wordpress_3\/wp-json\/wp\/v2\/pages\/1579\/revisions"}],"predecessor-version":[{"id":7493,"href":"https:\/\/www.schule-am-lousberg.de\/wordpress_3\/wp-json\/wp\/v2\/pages\/1579\/revisions\/7493"}],"wp:attachment":[{"href":"https:\/\/www.schule-am-lousberg.de\/wordpress_3\/wp-json\/wp\/v2\/media?parent=1579"}],"curies":[{"name":"wp","href":"https:\/\/api.w.org\/{rel}","templated":true}]}}