{"id":1059,"date":"2018-10-08T16:28:27","date_gmt":"2018-10-08T14:28:27","guid":{"rendered":"https:\/\/www.schule-am-lousberg.de\/wordpress_3\/?page_id=1059"},"modified":"2026-02-21T13:34:19","modified_gmt":"2026-02-21T12:34:19","slug":"aktuelle-elterninfos","status":"publish","type":"page","link":"https:\/\/www.schule-am-lousberg.de\/wordpress_3\/ein-startseiten-abschnitt\/aktuelle-elterninfos\/","title":{"rendered":"Aktuelle Elterninfos"},"content":{"rendered":"<p>Liebe Eltern,<\/p>\n<p>auf den Seiten \u201e<strong>Internet ABC<\/strong>\u201c (www.internet-abc.de) \u00a0und <span class=\"s1\"><strong>www.medien-kindersicher.de<\/strong> (Medienanstalten einiger L\u00e4nder), sowie \u201e<strong>klicksafe<\/strong>\u201c (https:\/\/www.klicksafe.de) <\/span>bekommen Sie umfassende Informationen, hilfreiche Tipps und Anregungen zum Thema <strong>Medien und Kinder<\/strong>.<\/p>\n<p>In der Brosch\u00fcre \u201eInternet gemeinsam entdecken\u201c (zum Download oder zum Bestellen) <i><u>https:\/\/www.internet-abc.de\/eltern\/broschuere-internet-gemeinsam-entdecken\/<\/u><\/i> \u00a0finden Sie zum Beispiel Tipps zur Auswahl von Medienangeboten\/ Apps\/ Programmen, zum passenden Alter der Kinder, Dauer der t\u00e4glichen\/ w\u00f6chentlichen Nutzung, etc.<\/p>\n<hr \/>\n<p style=\"text-align: center;\"><span style=\"font-size: 1rem;\">Schauen Sie gerne noch bei der Preisverleihung und Ehrung des <\/span><a style=\"font-size: 1rem;\" href=\"https:\/\/www.schule-am-lousberg.de\/wordpress_3\/blog-besondere-aktionen\/\"><strong>Stadtradelns<\/strong> <\/a><span style=\"font-size: 1rem;\">vorbei. Wir haben den ersten Platz gemacht (unter Grundschulen).<\/span><\/p>\n<hr \/>\n<p>Hier noch der aktualisierte Terminplan:<br \/>\n<a href=\"https:\/\/www.schule-am-lousberg.de\/wordpress_3\/wp-content\/uploads\/2025\/12\/Terminplan-was-ist-wann-25-26-aktualisiert.pdf\">Terminplan was ist wann 25-26 aktualisiert<\/a><\/p>\n<hr \/>\n<blockquote>\n<h6 style=\"text-align: center;\" align=\"justify\"><strong style=\"font-size: 1rem;\">Information zu Beurlaubung aus besonderen Gr\u00fcnden: <\/strong><span style=\"font-size: 1rem; font-weight: 400;\">Aus <\/span><em style=\"font-size: 1rem; font-weight: 400;\">besonderen Gr\u00fcnden<\/em><span style=\"font-size: 1rem; font-weight: 400;\"> k\u00f6nnen Kinder von der Klassenleitung bis zu zwei<\/span><\/h6>\n<\/blockquote>\n<p>Tage beurlaubt werden.<br \/>\nIm direkten Anschluss an die Ferien ist eine Beurlaubung nicht<br \/>\nvorgesehen. Sie kann nur in Ausnahmef\u00e4llen und nur bei Vorliegen eines<br \/>\nwichtigen Grundes von der Schulleitung genehmigt werden. <a href=\"https:\/\/www.schule-am-lousberg.de\/wordpress_3\/wp-content\/uploads\/2025\/09\/Antrag_Beurlaubung.pdf\">Antrag_Beurlaubung<\/a><\/p>\n<hr \/>\n<p><strong>Am 1. Juni 2025 hat unsere Schulgemeinschaft wieder begeistert beim Schulradeln mitgemacht.<\/strong><\/p>\n<p>Mit gro\u00dfem Erfolg: Wir konnten mit <strong>13.504 Kilometern<\/strong> in diesem Jahr den<br \/>\n<strong>1. Platz<\/strong> unter allen Aachener Grundschulen erzielen.<\/p>\n<p>Herzlichen Dank allen Mitradelnden!<br \/>\n<span style=\"color: #993366;\"><strong style=\"text-align: center; font-size: 1rem;\"><a style=\"color: #993366;\" href=\"https:\/\/www.schule-am-lousberg.de\/wordpress_3\/wp-content\/uploads\/2025\/05\/Elternbrief-Schulradeln-2025.pdf\">Elternbrief Schulradeln 2025<\/a><\/strong><\/span><\/p>\n<hr \/>\n<p>Am 2. Mai haben wir unseren Spendenlauf veranstaltet.<br \/>\nEs war ein phantastisches Ereignis, das wir nur mit den zahlreichen helfenden Eltern\/ Angeh\u00f6rigen unserer Sch\u00fclerschaft stemmen konnten. Vielen Dank!<\/p>\n<p><strong><a href=\"https:\/\/www.schule-am-lousberg.de\/wordpress_3\/wp-content\/uploads\/2025\/04\/Elternbrief-zum-Spendenlauf-am-2.-Mai-2025.pdf\">Elternbrief zum Spendenlauf am 2. Mai 2025<\/a><br \/>\n<\/strong><a style=\"font-size: 1rem;\" href=\"https:\/\/www.schule-am-lousberg.de\/wordpress_3\/wp-content\/uploads\/2025\/04\/Elternbrief-Spendenlauf-2025-1.pdf\"><strong>Elternbrief Spendenlauf 2025<\/strong><\/a>.<\/p>\n<hr \/>\n<p style=\"text-align: center;\"><span style=\"color: #3366ff; font-size: 0.9375rem; font-weight: 800;\">Bewegte Schule &#8211; Fr\u00fchsport!<\/span><\/p>\n<p>Ab sofort gibt es in unseren Klassen verbindlich jeden Tag eine kleine Bewegungseinheit.<br \/>\nUnd ganz besonders freuen wir uns auf jeden <strong>Freitagmorgen<\/strong>, wenn auf dem Schulhof um <strong>7.55 Uhr<\/strong> die <strong>Musik<\/strong> startet und alle gemeinsam mit <strong>Fr\u00fchsport<\/strong> in die Woche starten.<\/p>\n<hr \/>\n<p>&nbsp;<\/p>\n<p>Der <strong>Tag der offenen T\u00fcr<\/strong> im Schuljahr 2025\/26 findet am <strong>Samstag, dem 27.09.2025<\/strong>, von <strong>8.15 Uhr -11.15 Uhr<\/strong> statt.<\/p>\n<hr \/>\n<p><strong><span style=\"color: #0000ff;\">Elterninformationen:<\/span><\/strong><\/p>\n<p><a href=\"https:\/\/www.schule-am-lousberg.de\/wordpress_3\/wp-content\/uploads\/2025\/07\/Abschlussbrief-1.-3.-Schuljahr.pdf\">Abschlussbrief 1.-3. Schuljahr<\/a><\/p>\n<div id=\"GroupWiseSection_1613746844000_Britta.Slupina.Oellers@mail.aachen.de_C535048118EA00009EF300508B62B95F_\" class=\"GroupWiseMessageBody active\">\n<hr \/>\n<p>Die <strong>Anmeldetermine zur Schulanmeldung<\/strong> f\u00fcr die Schulneulinge des <strong>Schuljahres 2025\/26<\/strong> wurden im Zeitraum vom <strong>04. bis 15. November 2024<\/strong> angeboten (siehe auch &#8222;Alles rund um die <a href=\"https:\/\/www.schule-am-lousberg.de\/wordpress_3\/alles-rund-um-die-anmeldung\/\">Anmeldung<\/a>&#8222;).<\/p>\n<p><span style=\"color: #ff0000;\"><a href=\"https:\/\/www.schule-am-lousberg.de\/wordpress_3\/wp-content\/uploads\/2024\/08\/Anmelde-Informationen-2024.pdf\">Anmelde-Informationen 2024<\/a><\/span><\/p>\n<\/div>\n<p><strong><span style=\"color: #0000ff;\">Besondere Hinweise<br \/>\n(<\/span><\/strong><strong><span style=\"color: #0000ff;\">Eltern-Informationen Schuljahr 2024\/25):<br \/>\n<\/span><\/strong>Gemeinsam mit der Polizei hat die Stadt Aachen den<span style=\"color: #3366ff;\"><strong> sichersten Schulweg<\/strong> <\/span>f\u00fcr Ihr Kind zur Grundschule (&#8230;) und zur\u00fcck ausgearbeitet.<\/p>\n<p>Diese Informationen finden Sie hier:<\/p>\n<p><a href=\"https:\/\/www.aachen.de\/DE\/stadt_buerger\/bildung\/schulen\/schulen_schulwege\/index.html\">https:\/\/www.aachen.de\/DE\/stadt_buerger\/bildung\/schulen\/schulen_schulwege\/index.html<\/a><\/p>\n<p>Die Einzelheiten zu unserer Schule:<br \/>\n<span style=\"color: #3366ff;\"><a style=\"color: #3366ff;\" href=\"https:\/\/www.schule-am-lousberg.de\/wordpress_3\/wp-content\/uploads\/2022\/06\/stadtac_schulwegplan-de-web_1.pdf\">Hinweise zum Schulwegplan der Schule am Lousberg<\/a><br \/>\n<\/span><span style=\"color: #3366ff;\"><img loading=\"lazy\" decoding=\"async\" class=\"alignnone wp-image-7471 size-large\" src=\"https:\/\/www.schule-am-lousberg.de\/wordpress_3\/wp-content\/uploads\/2025\/09\/Schulwegplan-Lousberg-1024x720.jpg\" alt=\"\" width=\"525\" height=\"369\" srcset=\"https:\/\/www.schule-am-lousberg.de\/wordpress_3\/wp-content\/uploads\/2025\/09\/Schulwegplan-Lousberg-1024x720.jpg 1024w, https:\/\/www.schule-am-lousberg.de\/wordpress_3\/wp-content\/uploads\/2025\/09\/Schulwegplan-Lousberg-300x211.jpg 300w, https:\/\/www.schule-am-lousberg.de\/wordpress_3\/wp-content\/uploads\/2025\/09\/Schulwegplan-Lousberg-768x540.jpg 768w, https:\/\/www.schule-am-lousberg.de\/wordpress_3\/wp-content\/uploads\/2025\/09\/Schulwegplan-Lousberg.jpg 1183w\" sizes=\"auto, (max-width: 525px) 100vw, 525px\" \/><\/span><\/p>\n<hr \/>\n<h2><span style=\"color: #0000ff;\"><strong><span style=\"color: #0000ff;\">\u00c4ltere Elternbriefe\/<br \/>\nInfo<\/span>rmationen zu den Schulmails NRW:<br \/>\n<\/strong><\/span><strong style=\"color: #0000ff; font-size: 1.25rem;\">\u00a0(siehe <a href=\"https:\/\/www.schule-am-lousberg.de\/wordpress_3\/index.php\/ein-startseiten-abschnitt\/archiv\/\">Archiv<\/a>)<\/strong><\/h2>\n<p>&nbsp;<\/p>\n<hr \/>\n<h3 style=\"text-align: center;\"><strong><span style=\"color: #000080;\">Allgemeine Elterninformationen<\/span><\/strong><\/h3>\n<ul>\n<li>Bitte achten Sie in der dunklen Jahreszeit bei Ihrem Kind auf <strong>helle Kleidung\/ Reflektoren an der Kleidung<\/strong> und gen\u00fcgende Beleuchtung von Fahrrad oder Roller.<\/li>\n<li style=\"text-align: justify;\">Bitte geben Sie die <strong>Einwilligungserkl\u00e4rungen<\/strong> (Datenschutz), falls noch nicht geschehen, bei den KlassenlehrerInnen ab, so dass die Daten an die Elternpflegschaftsvorsitzenden zur Kontaktaufnahme weitergeleitet werden k\u00f6nnen.<\/li>\n<li style=\"text-align: justify;\">Sollte Ihr <strong>Kind erkrankt<\/strong> sein, muss dieses <strong>vor 8.00 Uhr<\/strong> <strong>telefonisch oder per Mail<\/strong> bei der Schule <strong>abgemeldet<\/strong> werden.<\/li>\n<li style=\"text-align: justify;\">Die Parkpl\u00e4tze auf dem Schulgel\u00e4nde sind ausschlie\u00dflich f\u00fcr das Lehr- und OGS-Personal reserviert, da diese im Rahmen der Parkraumbewirtschaftung kostenpflichtig gemietet werden. Zum Bringen und Abholen stehen Ihnen au\u00dferhalb des Schulgel\u00e4ndes\u00a0 <strong>Parkzonen<\/strong> zur Verf\u00fcgung.<\/li>\n<li style=\"text-align: justify;\">Zur <strong>Sicherheit der Kinder<\/strong> ist auch das kurzfristige Halten in den <strong>Schulhof- oder Toreinfahrten<\/strong> in der Bergstra\u00dfe bzw. am Veltmanplatz sowie an den B\u00fcrgersteigen <strong>nicht erlaubt<\/strong>!<\/li>\n<li>In enger Absprache mit der Polizei f\u00fchrt das <strong>Ordnungsamt<\/strong> zum <strong>Schutz aller Kinder<\/strong> zus\u00e4tzliche <strong>Kontrollen<\/strong> durch!<\/li>\n<li><strong>Zur Unterst\u00fctzung der Verkehrssicherheit im Bereich der Gro\u00dfbaustelle Saarstra\u00dfe hat uns die Stadt Aachen eine Karte mit dem sichersten Weg zur Verf\u00fcgung gestellt<\/strong>:<br \/>\n<a href=\"https:\/\/www.schule-am-lousberg.de\/wordpress_3\/wp-content\/uploads\/2020\/08\/Fussgaenger-Empfehlung-Bastei-Gesamtstrecke.pdf\"><span style=\"color: #339966;\">Fu\u00dfg\u00e4nger Empfehlung Bastei Gesamtstrecke<\/span><\/a><\/li>\n<\/ul>\n<hr \/>\n<h2><span style=\"color: #0000ff;\">Aktuelles aus dem Schulministerium\/Informationen der St\u00e4dteregion:<\/span><\/h2>\n<p><span style=\"color: #0000ff;\"><strong>LINK ZUM SCHULMAIL ARCHIV (hier finden Sie alle Schulmails des Ministeriums f\u00fcr Schule und Bildung):<\/strong> <\/span><a href=\"https:\/\/www.schulministerium.nrw\/ministerium\/schulverwaltung\/schulmail-archiv\">https:\/\/www.schulministerium.nrw\/ministerium\/schulverwaltung\/schulmail-archiv<\/a><\/p>\n<hr \/>\n<p>&nbsp;<\/p>\n","protected":false},"excerpt":{"rendered":"<p>Liebe Eltern, auf den Seiten \u201eInternet ABC\u201c (www.internet-abc.de) \u00a0und www.medien-kindersicher.de (Medienanstalten einiger L\u00e4nder), sowie \u201eklicksafe\u201c (https:\/\/www.klicksafe.de) bekommen Sie umfassende Informationen, hilfreiche Tipps und Anregungen zum Thema Medien und Kinder. In [&hellip;]<\/p>\n","protected":false},"author":1,"featured_media":0,"parent":12,"menu_order":0,"comment_status":"closed","ping_status":"closed","template":"","meta":{"footnotes":""},"class_list":["post-1059","page","type-page","status-publish","hentry"],"_links":{"self":[{"href":"https:\/\/www.schule-am-lousberg.de\/wordpress_3\/wp-json\/wp\/v2\/pages\/1059","targetHints":{"allow":["GET"]}}],"collection":[{"href":"https:\/\/www.schule-am-lousberg.de\/wordpress_3\/wp-json\/wp\/v2\/pages"}],"about":[{"href":"https:\/\/www.schule-am-lousberg.de\/wordpress_3\/wp-json\/wp\/v2\/types\/page"}],"author":[{"embeddable":true,"href":"https:\/\/www.schule-am-lousberg.de\/wordpress_3\/wp-json\/wp\/v2\/users\/1"}],"replies":[{"embeddable":true,"href":"https:\/\/www.schule-am-lousberg.de\/wordpress_3\/wp-json\/wp\/v2\/comments?post=1059"}],"version-history":[{"count":698,"href":"https:\/\/www.schule-am-lousberg.de\/wordpress_3\/wp-json\/wp\/v2\/pages\/1059\/revisions"}],"predecessor-version":[{"id":7727,"href":"https:\/\/www.schule-am-lousberg.de\/wordpress_3\/wp-json\/wp\/v2\/pages\/1059\/revisions\/7727"}],"up":[{"embeddable":true,"href":"https:\/\/www.schule-am-lousberg.de\/wordpress_3\/wp-json\/wp\/v2\/pages\/12"}],"wp:attachment":[{"href":"https:\/\/www.schule-am-lousberg.de\/wordpress_3\/wp-json\/wp\/v2\/media?parent=1059"}],"curies":[{"name":"wp","href":"https:\/\/api.w.org\/{rel}","templated":true}]}}