{"id":10,"date":"2018-09-19T16:51:15","date_gmt":"2018-09-19T16:51:15","guid":{"rendered":"https:\/\/www.schule-am-lousberg.de\/wordpress_3\/?page_id=10"},"modified":"2025-08-22T16:16:53","modified_gmt":"2025-08-22T14:16:53","slug":"kontakt","status":"publish","type":"page","link":"https:\/\/www.schule-am-lousberg.de\/wordpress_3\/kontakt\/","title":{"rendered":"Kontakt"},"content":{"rendered":"<p><span style=\"color: #000080;\">Schule am Lousberg<\/span><br \/>\nSt\u00e4dtische Gemeinschaftsgrundschule<br \/>\nSaarstra\u00dfe 66<br \/>\n52062 Aachen<\/p>\n<p><span style=\"color: #000080;\">Schulleitung<\/span><br \/>\nHerr Friedrich Kratz-Maurer (Rektor)<br \/>\nFrau Sabine Schmitz (Konrektorin)<\/p>\n<p><span style=\"color: #000080;\">Sekretariat<br \/>\n<\/span>Frau V\u00f6lkner-Daners<\/p>\n<p><strong>\u00d6<\/strong><strong>ffnungszeiten des Sekretariats:<\/strong><\/p>\n<table width=\"428\">\n<tbody>\n<tr>\n<td width=\"153\">Montag<\/td>\n<td width=\"202\">7.30 \u2013 12.30 Uhr<\/td>\n<\/tr>\n<tr>\n<td>Dienstag<\/td>\n<td>7.30 \u2013 12.30 Uhr<\/td>\n<\/tr>\n<tr>\n<td>Mittwoch<\/td>\n<td>7.30 \u2013 12.30 Uhr<\/td>\n<\/tr>\n<tr>\n<td>Donnerstag<\/td>\n<td>7.30 \u2013 12.30 Uhr<\/td>\n<\/tr>\n<tr>\n<td>Freitag<\/td>\n<td>7.30 \u2013 12.30 Uhr<\/td>\n<\/tr>\n<\/tbody>\n<\/table>\n<p>Tel: +49 (0) 241 &#8211; 49343<br \/>\nFax: +49 (0) 241 &#8211; 4093085<br \/>\nMail: ggs.am-lousberg@mail.aachen.de<br \/>\nWeb: www.schule-am-lousberg.de<\/p>\n<p><span style=\"color: #000080;\">OGS<\/span><br \/>\nTel: +49 (0) 241 &#8211; 41383161<br \/>\nMail: ogs.am.lousberg@gmx.de<\/p>\n<p>&nbsp;<\/p>\n<p><img loading=\"lazy\" decoding=\"async\" class=\"alignleft size-medium wp-image-420\" src=\"https:\/\/www.schule-am-lousberg.de\/wordpress_3\/wp-content\/uploads\/2018\/09\/lousbergstempel-300x300.jpg\" alt=\"\" width=\"300\" height=\"300\" srcset=\"https:\/\/www.schule-am-lousberg.de\/wordpress_3\/wp-content\/uploads\/2018\/09\/lousbergstempel-300x300.jpg 300w, https:\/\/www.schule-am-lousberg.de\/wordpress_3\/wp-content\/uploads\/2018\/09\/lousbergstempel-150x150.jpg 150w, https:\/\/www.schule-am-lousberg.de\/wordpress_3\/wp-content\/uploads\/2018\/09\/lousbergstempel-100x100.jpg 100w, https:\/\/www.schule-am-lousberg.de\/wordpress_3\/wp-content\/uploads\/2018\/09\/lousbergstempel.jpg 608w\" sizes=\"auto, (max-width: 300px) 100vw, 300px\" \/><\/p>\n","protected":false},"excerpt":{"rendered":"<p>Schule am Lousberg St\u00e4dtische Gemeinschaftsgrundschule Saarstra\u00dfe 66 52062 Aachen Schulleitung Herr Friedrich Kratz-Maurer (Rektor) Frau Sabine Schmitz (Konrektorin) Sekretariat Frau V\u00f6lkner-Daners \u00d6ffnungszeiten des Sekretariats: Montag 7.30 \u2013 12.30 Uhr Dienstag [&hellip;]<\/p>\n","protected":false},"author":1,"featured_media":6510,"parent":0,"menu_order":0,"comment_status":"closed","ping_status":"closed","template":"","meta":{"footnotes":""},"class_list":["post-10","page","type-page","status-publish","has-post-thumbnail","hentry"],"_links":{"self":[{"href":"https:\/\/www.schule-am-lousberg.de\/wordpress_3\/wp-json\/wp\/v2\/pages\/10","targetHints":{"allow":["GET"]}}],"collection":[{"href":"https:\/\/www.schule-am-lousberg.de\/wordpress_3\/wp-json\/wp\/v2\/pages"}],"about":[{"href":"https:\/\/www.schule-am-lousberg.de\/wordpress_3\/wp-json\/wp\/v2\/types\/page"}],"author":[{"embeddable":true,"href":"https:\/\/www.schule-am-lousberg.de\/wordpress_3\/wp-json\/wp\/v2\/users\/1"}],"replies":[{"embeddable":true,"href":"https:\/\/www.schule-am-lousberg.de\/wordpress_3\/wp-json\/wp\/v2\/comments?post=10"}],"version-history":[{"count":13,"href":"https:\/\/www.schule-am-lousberg.de\/wordpress_3\/wp-json\/wp\/v2\/pages\/10\/revisions"}],"predecessor-version":[{"id":7298,"href":"https:\/\/www.schule-am-lousberg.de\/wordpress_3\/wp-json\/wp\/v2\/pages\/10\/revisions\/7298"}],"wp:featuredmedia":[{"embeddable":true,"href":"https:\/\/www.schule-am-lousberg.de\/wordpress_3\/wp-json\/wp\/v2\/media\/6510"}],"wp:attachment":[{"href":"https:\/\/www.schule-am-lousberg.de\/wordpress_3\/wp-json\/wp\/v2\/media?parent=10"}],"curies":[{"name":"wp","href":"https:\/\/api.w.org\/{rel}","templated":true}]}}